{"id":854,"date":"2022-12-07T18:42:59","date_gmt":"2022-12-08T00:42:59","guid":{"rendered":"https:\/\/www.cuartetojosewhite.com\/?page_id=854"},"modified":"2023-10-09T12:31:27","modified_gmt":"2023-10-09T18:31:27","slug":"concurso-nuestra-america-2022","status":"publish","type":"page","link":"https:\/\/www.cuartetojosewhite.com\/en\/concurso-nuestra-america-2022\/","title":{"rendered":"Concurso Nuestra Am\u00e9rica 2022"},"content":{"rendered":"<div data-elementor-type=\"wp-page\" data-elementor-id=\"854\" class=\"elementor elementor-854\">\n\t\t\t\t\t\t<section class=\"has_eae_slider elementor-section elementor-top-section elementor-element elementor-element-8210611 elementor-section-height-min-height elementor-section-boxed elementor-section-height-default elementor-section-items-middle\" data-eae-slider=\"58175\" data-particle_enable=\"false\" data-particle-mobile-disabled=\"false\" data-id=\"8210611\" data-element_type=\"section\" data-e-type=\"section\" data-settings=\"{&quot;background_background&quot;:&quot;classic&quot;}\">\n\t\t\t\t\t\t\t<div class=\"elementor-background-overlay\"><\/div>\n\t\t\t\t\t\t\t<div class=\"elementor-container elementor-column-gap-no\">\n\t\t\t\t\t<div class=\"has_eae_slider elementor-column elementor-col-100 elementor-top-column elementor-element elementor-element-3a6b543\" data-eae-slider=\"41058\" data-id=\"3a6b543\" data-element_type=\"column\" data-e-type=\"column\">\n\t\t\t<div class=\"elementor-widget-wrap elementor-element-populated\">\n\t\t\t\t\t\t<div class=\"elementor-element elementor-element-e1f132b elementor-widget elementor-widget-heading\" data-id=\"e1f132b\" data-element_type=\"widget\" data-e-type=\"widget\" data-widget_type=\"heading.default\">\n\t\t\t\t<div class=\"elementor-widget-container\">\n\t\t\t\t\t<h6 class=\"elementor-heading-title elementor-size-default\">Concurso nacional de composici\u00f3n para<\/h6>\t\t\t\t<\/div>\n\t\t\t\t<\/div>\n\t\t\t\t<div class=\"elementor-element elementor-element-6ad5656 elementor-widget elementor-widget-heading\" data-id=\"6ad5656\" data-element_type=\"widget\" data-e-type=\"widget\" data-widget_type=\"heading.default\">\n\t\t\t\t<div class=\"elementor-widget-container\">\n\t\t\t\t\t<h2 class=\"elementor-heading-title elementor-size-default\">Cuartetos de Cuerdas<\/h2>\t\t\t\t<\/div>\n\t\t\t\t<\/div>\n\t\t\t\t<div class=\"elementor-element elementor-element-08b59d0 elementor-widget elementor-widget-heading\" data-id=\"08b59d0\" data-element_type=\"widget\" data-e-type=\"widget\" data-widget_type=\"heading.default\">\n\t\t\t\t<div class=\"elementor-widget-container\">\n\t\t\t\t\t<h2 class=\"elementor-heading-title elementor-size-default\">Nuestra Am\u00e9rica 2022<\/h2>\t\t\t\t<\/div>\n\t\t\t\t<\/div>\n\t\t\t\t\t<\/div>\n\t\t<\/div>\n\t\t\t\t\t<\/div>\n\t\t<\/section>\n\t\t\t\t<section class=\"has_eae_slider elementor-section elementor-top-section elementor-element elementor-element-0775aa3 elementor-section-boxed elementor-section-height-default elementor-section-height-default\" data-eae-slider=\"1269\" data-particle_enable=\"false\" data-particle-mobile-disabled=\"false\" data-id=\"0775aa3\" data-element_type=\"section\" data-e-type=\"section\" data-settings=\"{&quot;background_background&quot;:&quot;classic&quot;}\">\n\t\t\t\t\t\t\t<div class=\"elementor-background-overlay\"><\/div>\n\t\t\t\t\t\t\t<div class=\"elementor-container elementor-column-gap-default\">\n\t\t\t\t\t<div class=\"has_eae_slider elementor-column elementor-col-50 elementor-top-column elementor-element elementor-element-f413716\" data-eae-slider=\"42070\" data-id=\"f413716\" data-element_type=\"column\" data-e-type=\"column\">\n\t\t\t<div class=\"elementor-widget-wrap elementor-element-populated\">\n\t\t\t\t\t\t<div class=\"elementor-element elementor-element-7ddc931 elementor-widget elementor-widget-heading\" data-id=\"7ddc931\" data-element_type=\"widget\" data-e-type=\"widget\" data-widget_type=\"heading.default\">\n\t\t\t\t<div class=\"elementor-widget-container\">\n\t\t\t\t\t<h2 class=\"elementor-heading-title elementor-size-default\">Bases generales. <\/h2>\t\t\t\t<\/div>\n\t\t\t\t<\/div>\n\t\t\t\t<div class=\"elementor-element elementor-element-4c93d98 elementor-widget elementor-widget-text-editor\" data-id=\"4c93d98\" data-element_type=\"widget\" data-e-type=\"widget\" data-widget_type=\"text-editor.default\">\n\t\t\t\t<div class=\"elementor-widget-container\">\n\t\t\t\t\t\t\t\t\t<ul><li>Concurso abierto a compositores de todas las nacionalidades sin restricciones de edad.<\/li><li>El objetivo del concurso es alentar, promover y difundir la creaci\u00f3n de obras para cuarteto de cuerdas y contribuir a la renovaci\u00f3n constante del repertorio de este formato.<\/li><li>El tema ser\u00e1 a libre elecci\u00f3n.<br \/>El Primer Premio consistir\u00e1 en la cantidad de 40,000 pesos, moneda nacional (Pesos Mexicanos) y se propondr\u00e1 el estreno de la obra al Foro Internacional de M\u00fasica Nueva \u201cManuel Enr\u00edquez\u201d 2023(*), as\u00ed como la interpretaci\u00f3n de la misma durante las giras y conciertos del Cuarteto de Cuerdas Jos\u00e9 White durante el a\u00f1o 2023.<\/li><li>Se otorgar\u00e1n dos menciones cuyo premio consistir\u00e1 en la propuesta del estreno en el Foro Internacional de M\u00fasica Nueva \u201cManuel Enr\u00edquez\u201d 2023(*) y la interpretaci\u00f3n de las mismas durante las giras y conciertos del Cuarteto de Cuerdas Jos\u00e9 White durante el a\u00f1o 2023.<\/li><\/ul>\t\t\t\t\t\t\t\t<\/div>\n\t\t\t\t<\/div>\n\t\t\t\t<div class=\"elementor-element elementor-element-b5772f0 elementor-widget elementor-widget-text-editor\" data-id=\"b5772f0\" data-element_type=\"widget\" data-e-type=\"widget\" data-widget_type=\"text-editor.default\">\n\t\t\t\t<div class=\"elementor-widget-container\">\n\t\t\t\t\t\t\t\t\t<p>*El Foro Internacional de M\u00fasica Nueva \u201cManuel Enr\u00edquez\u201d selecciona las obras a participar en su programaci\u00f3n mediante la decisi\u00f3n de un jurado que es totalmente ajeno a la presente convocatoria. El Cuarteto de Cuerdas Jos\u00e9 White se compromete a enviar todas las solicitudes y documentos pertinentes para la posible inclusi\u00f3n de las obras premiadas.<\/p>\t\t\t\t\t\t\t\t<\/div>\n\t\t\t\t<\/div>\n\t\t\t\t<div class=\"elementor-element elementor-element-8c027ae elementor-widget elementor-widget-heading\" data-id=\"8c027ae\" data-element_type=\"widget\" data-e-type=\"widget\" data-widget_type=\"heading.default\">\n\t\t\t\t<div class=\"elementor-widget-container\">\n\t\t\t\t\t<h2 class=\"elementor-heading-title elementor-size-default\">Bases espec\u00edficas<\/h2>\t\t\t\t<\/div>\n\t\t\t\t<\/div>\n\t\t\t\t<div class=\"elementor-element elementor-element-a774553 elementor-widget elementor-widget-text-editor\" data-id=\"a774553\" data-element_type=\"widget\" data-e-type=\"widget\" data-widget_type=\"text-editor.default\">\n\t\t\t\t<div class=\"elementor-widget-container\">\n\t\t\t\t\t\t\t\t\t<ul><li>Las obras se compondr\u00e1n exclusivamente para la dotaci\u00f3n del cuarteto de cuerdas (viol\u00edn primero y segundo, viola y violoncello).<\/li><li>La duraci\u00f3n de las obras ser\u00e1 de un m\u00ednimo de 6 minutos a un m\u00e1ximo de 12 minutos.<\/li><li>Las obras no deben haber sido publicadas ni estrenadas (ni en modo presencial con p\u00fablico ni en medios virtuales de ninguna clase), sin embargo se aceptar\u00e1n obras compuestas con anterioridad a la fecha del inicio de esta convocatoria.<\/li><li>No se aceptar\u00e1n obras manuscritas.<br \/>Las copias enviadas no ser\u00e1n devueltas y quedar\u00e1n en los archivos del Cuarteto de Cuerdas Jos\u00e9 White S.C.<\/li><li>Se enviar\u00e1 una copia de las obras ganadoras a los archivos del Sistema de Apoyo a la Creaci\u00f3n y Proyectos Art\u00edsticos, anterior FONCA, como constancia de la premiaci\u00f3n.<\/li><li>Tambi\u00e9n se enviar\u00e1 una copia de la partitura a los archivos del Foro Internacional de M\u00fasica Nueva \u201cManuel Enr\u00edquez\u201d (requisito del FIMNME).<\/li><li>Las composiciones ser\u00e1n juzgadas por el Cuarteto de Cuerdas Jos\u00e9 White S.C. y por dos jurados elegidos entre int\u00e9rpretes y compositores reconocidos de nuestra actualidad.<\/li><li>Las decisiones del jurado ser\u00e1n inapelables.<\/li><\/ul>\t\t\t\t\t\t\t\t<\/div>\n\t\t\t\t<\/div>\n\t\t\t\t\t<\/div>\n\t\t<\/div>\n\t\t\t\t<div class=\"has_eae_slider elementor-column elementor-col-50 elementor-top-column elementor-element elementor-element-545fc4e\" data-eae-slider=\"74179\" data-id=\"545fc4e\" data-element_type=\"column\" data-e-type=\"column\">\n\t\t\t<div class=\"elementor-widget-wrap elementor-element-populated\">\n\t\t\t\t\t\t<div class=\"elementor-element elementor-element-e20d786 elementor-widget elementor-widget-heading\" data-id=\"e20d786\" data-element_type=\"widget\" data-e-type=\"widget\" data-widget_type=\"heading.default\">\n\t\t\t\t<div class=\"elementor-widget-container\">\n\t\t\t\t\t<h2 class=\"elementor-heading-title elementor-size-default\">Instrucciones para el env\u00edo de partituras y documentos.<\/h2>\t\t\t\t<\/div>\n\t\t\t\t<\/div>\n\t\t\t\t<div class=\"elementor-element elementor-element-e6b3faa elementor-widget elementor-widget-text-editor\" data-id=\"e6b3faa\" data-element_type=\"widget\" data-e-type=\"widget\" data-widget_type=\"text-editor.default\">\n\t\t\t\t<div class=\"elementor-widget-container\">\n\t\t\t\t\t\t\t\t\t<p>Las obras ser\u00e1n enviadas mediante correo electr\u00f3nico a: <a href=\"mailto:concursonuestraamerica2022@gmail.com\">concursonuestraamerica2022@gmail.com<\/a><\/p><p>El t\u00edtulo del Asunto del correo electr\u00f3nico deber\u00e1 ser: Concurso Nuestra Am\u00e9rica 2022 y el nombre de la obra.<\/p><p><span style=\"font-size: 16px;\"><br \/>Incluir cinco archivos individuales para: partitura general, viol\u00edn 1, viol\u00edn 2, viola y violoncello y copia del recibo de pago de inscripci\u00f3n. <br \/>Si el recibo de pago incluye el nombre del compositor, ser\u00e1 necesario tacharlo en la copia del recibo.<\/span><\/p><p><br \/>Las obras deber\u00e1n estar firmadas con seud\u00f3nimo.<br \/><br \/><\/p><p>La direcci\u00f3n del remitente no debe incluir ning\u00fan nombre o seud\u00f3nimo del compositor. Recomendamos crear una direcci\u00f3n exclusiva para esta convocatoria.\u00a0<br \/><span style=\"font-size: 15px;\"><br \/>Se recomienda enviar un archivo midi o de audio; sin ser este requisito obligatorio o indispensable.<\/span><\/p><p>\u00a0<\/p><p>Terminado el proceso de deliberaci\u00f3n, todos los participantes recibir\u00e1n una notificaci\u00f3n para el env\u00edo de los siguientes datos:<\/p><ul><li>Nombre real del compositor y\/o nombre art\u00edstico<\/li><li>Direcci\u00f3n<\/li><li>Phone<\/li><li>Semblanza o curr\u00edculum del compositor.<\/li><li>Notas de la obra para su inclusi\u00f3n en programas de mano.<\/li><\/ul>\t\t\t\t\t\t\t\t<\/div>\n\t\t\t\t<\/div>\n\t\t\t\t<div class=\"elementor-element elementor-element-e40fd3c elementor-widget elementor-widget-text-editor\" data-id=\"e40fd3c\" data-element_type=\"widget\" data-e-type=\"widget\" data-widget_type=\"text-editor.default\">\n\t\t\t\t<div class=\"elementor-widget-container\">\n\t\t\t\t\t\t\t\t\t<p>Los compositores deber\u00e1n realizar un pago de 200 pesos moneda nacional (pesos mexicanos) como costo de inscripci\u00f3n al concurso en la siguiente cuenta del Cuarteto de Cuerdas Jos\u00e9 White.<br><br><\/p>\n<p><b>Banco<\/b>: Citibanamex<br><strong>N\u00famero de Cuenta:<\/strong> 12857<br><strong>Sucursal:<\/strong> 4718<br><\/p>\n<p>A nombre del Cuarteto de Cuerdas Jos\u00e9 White S.C.<\/p>\n<p><br><\/p>\n<p>La fecha l\u00edmite de recepci\u00f3n de las obras ser\u00e1 el d\u00eda 14 de Julio del 2023 a las 23:59 (TCM).<\/p>\n<p><br><\/p>\n<p>Los resultados ser\u00e1n publicados el d\u00eda 21 de Julio del 2023 en la p\u00e1gina web del Cuarteto de Cuerdas Jos\u00e9 White<\/p>\n<p>https:\/\/www.cuartetojosewhite.com y en su p\u00e1gina de Facebook: https:\/\/www.facebook.com\/josewhitecuarteto<\/p>\n<p><br><\/p>\n<p><b>El ganador del premio Nuestra Am\u00e9rica deber\u00e1 presentar:<\/b><\/p>\n<p>&#8211; Mexicano: un recibo de honorarios o factura para recibir el premio (no generar\u00e1 impuestos).<br>&#8211; Otros pa\u00edses: n\u00famero de identificaci\u00f3n fiscal de su pa\u00eds de origen.<\/p>\n<p><br><\/p>\n<p><b>Dudas o comentarios, escribir a :<\/b><\/p>\n<p>concursonuestraamerica2022@gmail.com<\/p>\t\t\t\t\t\t\t\t<\/div>\n\t\t\t\t<\/div>\n\t\t\t\t\t<\/div>\n\t\t<\/div>\n\t\t\t\t\t<\/div>\n\t\t<\/section>\n\t\t\t\t<\/div>","protected":false},"excerpt":{"rendered":"<p>Concurso nacional de composici\u00f3n para Cuartetos de Cuerdas Nuestra Am\u00e9rica 2022 Bases generales. Concurso abierto a compositores de todas las nacionalidades sin restricciones de edad. El objetivo del concurso es [&hellip;]<\/p>\n","protected":false},"author":1,"featured_media":0,"parent":0,"menu_order":0,"comment_status":"closed","ping_status":"closed","template":"elementor_header_footer","meta":{"site-sidebar-layout":"no-sidebar","site-content-layout":"page-builder","ast-site-content-layout":"default","site-content-style":"default","site-sidebar-style":"default","ast-global-header-display":"","ast-banner-title-visibility":"","ast-main-header-display":"","ast-hfb-above-header-display":"","ast-hfb-below-header-display":"","ast-hfb-mobile-header-display":"","site-post-title":"disabled","ast-breadcrumbs-content":"","ast-featured-img":"disabled","footer-sml-layout":"","theme-transparent-header-meta":"default","adv-header-id-meta":"","stick-header-meta":"","header-above-stick-meta":"","header-main-stick-meta":"","header-below-stick-meta":"","astra-migrate-meta-layouts":"default","ast-page-background-enabled":"default","ast-page-background-meta":{"desktop":{"background-color":"","background-image":"","background-repeat":"repeat","background-position":"center center","background-size":"auto","background-attachment":"scroll","background-type":"","background-media":"","overlay-type":"","overlay-color":"","overlay-opacity":"","overlay-gradient":""},"tablet":{"background-color":"","background-image":"","background-repeat":"repeat","background-position":"center center","background-size":"auto","background-attachment":"scroll","background-type":"","background-media":"","overlay-type":"","overlay-color":"","overlay-opacity":"","overlay-gradient":""},"mobile":{"background-color":"","background-image":"","background-repeat":"repeat","background-position":"center center","background-size":"auto","background-attachment":"scroll","background-type":"","background-media":"","overlay-type":"","overlay-color":"","overlay-opacity":"","overlay-gradient":""}},"ast-content-background-meta":{"desktop":{"background-color":"var(--ast-global-color-5)","background-image":"","background-repeat":"repeat","background-position":"center center","background-size":"auto","background-attachment":"scroll","background-type":"","background-media":"","overlay-type":"","overlay-color":"","overlay-opacity":"","overlay-gradient":""},"tablet":{"background-color":"var(--ast-global-color-5)","background-image":"","background-repeat":"repeat","background-position":"center center","background-size":"auto","background-attachment":"scroll","background-type":"","background-media":"","overlay-type":"","overlay-color":"","overlay-opacity":"","overlay-gradient":""},"mobile":{"background-color":"var(--ast-global-color-5)","background-image":"","background-repeat":"repeat","background-position":"center center","background-size":"auto","background-attachment":"scroll","background-type":"","background-media":"","overlay-type":"","overlay-color":"","overlay-opacity":"","overlay-gradient":""}},"footnotes":""},"class_list":["post-854","page","type-page","status-publish","hentry"],"_links":{"self":[{"href":"https:\/\/www.cuartetojosewhite.com\/en\/wp-json\/wp\/v2\/pages\/854","targetHints":{"allow":["GET"]}}],"collection":[{"href":"https:\/\/www.cuartetojosewhite.com\/en\/wp-json\/wp\/v2\/pages"}],"about":[{"href":"https:\/\/www.cuartetojosewhite.com\/en\/wp-json\/wp\/v2\/types\/page"}],"author":[{"embeddable":true,"href":"https:\/\/www.cuartetojosewhite.com\/en\/wp-json\/wp\/v2\/users\/1"}],"replies":[{"embeddable":true,"href":"https:\/\/www.cuartetojosewhite.com\/en\/wp-json\/wp\/v2\/comments?post=854"}],"version-history":[{"count":20,"href":"https:\/\/www.cuartetojosewhite.com\/en\/wp-json\/wp\/v2\/pages\/854\/revisions"}],"predecessor-version":[{"id":908,"href":"https:\/\/www.cuartetojosewhite.com\/en\/wp-json\/wp\/v2\/pages\/854\/revisions\/908"}],"wp:attachment":[{"href":"https:\/\/www.cuartetojosewhite.com\/en\/wp-json\/wp\/v2\/media?parent=854"}],"curies":[{"name":"wp","href":"https:\/\/api.w.org\/{rel}","templated":true}]}}