{"id":681,"date":"2021-08-31T16:55:49","date_gmt":"2021-08-31T21:55:49","guid":{"rendered":"https:\/\/www.cuartetojosewhite.com\/?page_id=681"},"modified":"2021-11-23T18:35:32","modified_gmt":"2021-11-24T00:35:32","slug":"curso-cuartetos-de-cuerda-2022","status":"publish","type":"page","link":"https:\/\/www.cuartetojosewhite.com\/en\/curso-cuartetos-de-cuerda-2022\/","title":{"rendered":"Curso Cuartetos de Cuerda 2022"},"content":{"rendered":"<div data-elementor-type=\"wp-page\" data-elementor-id=\"681\" class=\"elementor elementor-681\">\n\t\t\t\t\t\t<section class=\"has_eae_slider elementor-section elementor-top-section elementor-element elementor-element-1055065 elementor-section-height-min-height elementor-section-boxed elementor-section-height-default elementor-section-items-middle\" data-eae-slider=\"82374\" data-particle_enable=\"false\" data-particle-mobile-disabled=\"false\" data-id=\"1055065\" data-element_type=\"section\" data-e-type=\"section\" data-settings=\"{&quot;background_background&quot;:&quot;classic&quot;}\">\n\t\t\t\t\t\t\t<div class=\"elementor-background-overlay\"><\/div>\n\t\t\t\t\t\t\t<div class=\"elementor-container elementor-column-gap-no\">\n\t\t\t\t\t<div class=\"has_eae_slider elementor-column elementor-col-100 elementor-top-column elementor-element elementor-element-4611f81\" data-eae-slider=\"35943\" data-id=\"4611f81\" data-element_type=\"column\" data-e-type=\"column\">\n\t\t\t<div class=\"elementor-widget-wrap elementor-element-populated\">\n\t\t\t\t\t\t<div class=\"elementor-element elementor-element-c30ffd2 elementor-widget elementor-widget-heading\" data-id=\"c30ffd2\" data-element_type=\"widget\" data-e-type=\"widget\" data-widget_type=\"heading.default\">\n\t\t\t\t<div class=\"elementor-widget-container\">\n\t\t\t\t\t<h6 class=\"elementor-heading-title elementor-size-default\">CURSO VIRTUAL PARA<\/h6>\t\t\t\t<\/div>\n\t\t\t\t<\/div>\n\t\t\t\t<div class=\"elementor-element elementor-element-392aa57 elementor-widget elementor-widget-heading\" data-id=\"392aa57\" data-element_type=\"widget\" data-e-type=\"widget\" data-widget_type=\"heading.default\">\n\t\t\t\t<div class=\"elementor-widget-container\">\n\t\t\t\t\t<h2 class=\"elementor-heading-title elementor-size-default\">Cuarteto de Cuerdas<\/h2>\t\t\t\t<\/div>\n\t\t\t\t<\/div>\n\t\t\t\t<div class=\"elementor-element elementor-element-9d97a8c elementor-widget elementor-widget-heading\" data-id=\"9d97a8c\" data-element_type=\"widget\" data-e-type=\"widget\" data-widget_type=\"heading.default\">\n\t\t\t\t<div class=\"elementor-widget-container\">\n\t\t\t\t\t<h2 class=\"elementor-heading-title elementor-size-default\">2022\n<\/h2>\t\t\t\t<\/div>\n\t\t\t\t<\/div>\n\t\t\t\t<div class=\"elementor-element elementor-element-6f359cb elementor-widget elementor-widget-heading\" data-id=\"6f359cb\" data-element_type=\"widget\" data-e-type=\"widget\" data-widget_type=\"heading.default\">\n\t\t\t\t<div class=\"elementor-widget-container\">\n\t\t\t\t\t<h6 class=\"elementor-heading-title elementor-size-default\">Del 17 al 21 de Enero 2022<\/h6>\t\t\t\t<\/div>\n\t\t\t\t<\/div>\n\t\t\t\t\t<\/div>\n\t\t<\/div>\n\t\t\t\t\t<\/div>\n\t\t<\/section>\n\t\t\t\t<section class=\"has_eae_slider elementor-section elementor-top-section elementor-element elementor-element-1ca07b6 elementor-section-boxed elementor-section-height-default elementor-section-height-default\" data-eae-slider=\"302\" data-particle_enable=\"false\" data-particle-mobile-disabled=\"false\" data-id=\"1ca07b6\" data-element_type=\"section\" data-e-type=\"section\" data-settings=\"{&quot;background_background&quot;:&quot;classic&quot;}\">\n\t\t\t\t\t\t\t<div class=\"elementor-background-overlay\"><\/div>\n\t\t\t\t\t\t\t<div class=\"elementor-container elementor-column-gap-default\">\n\t\t\t\t\t<div class=\"has_eae_slider elementor-column elementor-col-50 elementor-top-column elementor-element elementor-element-bb22dd5\" data-eae-slider=\"84875\" data-id=\"bb22dd5\" data-element_type=\"column\" data-e-type=\"column\">\n\t\t\t<div class=\"elementor-widget-wrap elementor-element-populated\">\n\t\t\t\t\t\t<div class=\"elementor-element elementor-element-b684fa2 elementor-widget elementor-widget-heading\" data-id=\"b684fa2\" data-element_type=\"widget\" data-e-type=\"widget\" data-widget_type=\"heading.default\">\n\t\t\t\t<div class=\"elementor-widget-container\">\n\t\t\t\t\t<h2 class=\"elementor-heading-title elementor-size-default\">Convocatoria<\/h2>\t\t\t\t<\/div>\n\t\t\t\t<\/div>\n\t\t\t\t<div class=\"elementor-element elementor-element-d5821bb elementor-widget elementor-widget-text-editor\" data-id=\"d5821bb\" data-element_type=\"widget\" data-e-type=\"widget\" data-widget_type=\"text-editor.default\">\n\t\t\t\t<div class=\"elementor-widget-container\">\n\t\t\t\t\t\t\t\t\t<p><b>Edad<\/b><span style=\"font-weight: 400;\">: Sin l\u00edmite de edad.<br \/><\/span><b>Fecha l\u00edmite de inscripci\u00f3n:<\/b><span style=\"font-weight: 400;\"> 5 de Enero del 2022<br \/><\/span><b>Fecha de publicaci\u00f3n de resultados:<\/b><span style=\"font-weight: 400;\">\u00a07 de Enero del 2022<br \/><\/span><b>Pago: <\/b><span style=\"font-weight: 400;\">Gratuito<\/span><\/p><p><span style=\"font-weight: 400;\"><strong>Enviar Documentaci\u00f3n a<\/strong>\u00a0\u00a0<\/span><a href=\"mailto:cursointensivona@gmail.com\">cursointensivona@gmail.com<\/a><\/p><p><b>El curso incluye:<\/b><\/p><p><span style=\"font-weight: 400;\">&#8211; Participaci\u00f3n en las <\/span><b>Clases <\/b><span style=\"font-weight: 400;\">de\u00a0<\/span><b>Cuarteto de Cuerdas Jos\u00e9 White<\/b><span style=\"font-weight: 400;\"> y de\u00a0<\/span><b>Sim\u00f3n Gollo.<\/b><\/p><p><span style=\"font-weight: 400;\">&#8211; Presentaci\u00f3n de la agrupaci\u00f3n en los conciertos de participantes del curso, v\u00eda streaming.<\/span><\/p><p><b>Documentaci\u00f3n requerida:<\/b><\/p><ul><li style=\"font-weight: 400;\" aria-level=\"1\"><span style=\"font-weight: 400;\">Formulario de registro completado por agrupaci\u00f3n.<\/span><\/li><li style=\"font-weight: 400;\" aria-level=\"1\"><span style=\"font-weight: 400;\">Breve semblanza de la agrupaci\u00f3n y de sus integrantes.<\/span><\/li><li style=\"font-weight: 400;\" aria-level=\"1\">Fotograf\u00eda de la agrupaci\u00f3n.<\/li><li style=\"font-weight: 400;\" aria-level=\"1\">Video de la agrupaci\u00f3n interpretando dos piezas de distintos per\u00edodos musicales, m\u00e1ximo 10 minutos (no son necesarios movimientos ni piezas completas).<\/li><li style=\"font-weight: 400;\" aria-level=\"1\">Es importante que la agrupaci\u00f3n cuente con una obra completa en video (se usar\u00e1 para las clases y los conciertos)5 de<\/li><\/ul>\t\t\t\t\t\t\t\t<\/div>\n\t\t\t\t<\/div>\n\t\t\t\t<div class=\"elementor-element elementor-element-589db40 elementor-align-right elementor-widget elementor-widget-button\" data-id=\"589db40\" data-element_type=\"widget\" data-e-type=\"widget\" data-widget_type=\"button.default\">\n\t\t\t\t<div class=\"elementor-widget-container\">\n\t\t\t\t\t\t\t\t\t<div class=\"elementor-button-wrapper\">\n\t\t\t\t\t<a class=\"elementor-button elementor-button-link elementor-size-sm\" href=\"https:\/\/www.cuartetojosewhite.com\/en\/simon-gollo\/\">\n\t\t\t\t\t\t<span class=\"elementor-button-content-wrapper\">\n\t\t\t\t\t\t\t\t\t<span class=\"elementor-button-text\">Bio Sim\u00f3n Gollo<\/span>\n\t\t\t\t\t<\/span>\n\t\t\t\t\t<\/a>\n\t\t\t\t<\/div>\n\t\t\t\t\t\t\t\t<\/div>\n\t\t\t\t<\/div>\n\t\t\t\t<div class=\"elementor-element elementor-element-5e06b3a elementor-widget elementor-widget-heading\" data-id=\"5e06b3a\" data-element_type=\"widget\" data-e-type=\"widget\" data-widget_type=\"heading.default\">\n\t\t\t\t<div class=\"elementor-widget-container\">\n\t\t\t\t\t<h2 class=\"elementor-heading-title elementor-size-default\">Requerimientos<\/h2>\t\t\t\t<\/div>\n\t\t\t\t<\/div>\n\t\t\t\t<div class=\"elementor-element elementor-element-2a3eda8 elementor-widget elementor-widget-text-editor\" data-id=\"2a3eda8\" data-element_type=\"widget\" data-e-type=\"widget\" data-widget_type=\"text-editor.default\">\n\t\t\t\t<div class=\"elementor-widget-container\">\n\t\t\t\t\t\t\t\t\t<p><b>Los formatos de los documentos deber\u00e1n ser los siguientes:&nbsp;<\/b><\/p>\n<ul>\n<li>fotograf\u00edas .jpg<\/li>\n<li>documentos .pdf<\/li>\n<li>videos .mov o enlace de youtube<\/li>\n<\/ul>\n<p><span style=\"font-weight: 400;\">El env\u00edo de la documentaci\u00f3n es requisito indispensable para la selecci\u00f3n de las agrupaciones pero no asegura su participaci\u00f3n en el curso.<\/span><\/p>\t\t\t\t\t\t\t\t<\/div>\n\t\t\t\t<\/div>\n\t\t\t\t\t<\/div>\n\t\t<\/div>\n\t\t\t\t<div class=\"has_eae_slider elementor-column elementor-col-50 elementor-top-column elementor-element elementor-element-37f9362\" data-eae-slider=\"80945\" data-id=\"37f9362\" data-element_type=\"column\" data-e-type=\"column\">\n\t\t\t<div class=\"elementor-widget-wrap elementor-element-populated\">\n\t\t\t\t\t\t<div class=\"elementor-element elementor-element-b295ff3 elementor-widget elementor-widget-heading\" data-id=\"b295ff3\" data-element_type=\"widget\" data-e-type=\"widget\" data-widget_type=\"heading.default\">\n\t\t\t\t<div class=\"elementor-widget-container\">\n\t\t\t\t\t<h2 class=\"elementor-heading-title elementor-size-default\">Formato<\/h2>\t\t\t\t<\/div>\n\t\t\t\t<\/div>\n\t\t\t\t<div class=\"elementor-element elementor-element-12fdac8 eael-contact-form-7-button-align-left eael-contact-form-7-button-custom elementor-widget elementor-widget-eael-contact-form-7\" data-id=\"12fdac8\" data-element_type=\"widget\" data-e-type=\"widget\" data-widget_type=\"eael-contact-form-7.default\">\n\t\t\t\t<div class=\"elementor-widget-container\">\n\t\t\t\t\t<div class=\"eael-contact-form-7-wrapper\">\n                <div class=\"eael-contact-form eael-contact-form-7 eael-contact-form-12fdac8 placeholder-show eael-contact-form-align-default\"><div class=\"cf7sg-container cf7sg-not-grid\"><div id=\"cf7sg-form-formulario-de-contacto-1\" class=\"key_formulario-de-contacto-1\">\n<div class=\"wpcf7 no-js\" id=\"wpcf7-f708-o1\" lang=\"es-ES\" dir=\"ltr\" data-wpcf7-id=\"708\">\n<div class=\"screen-reader-response\"><p role=\"status\" aria-live=\"polite\" aria-atomic=\"true\"><\/p> <ul><\/ul><\/div>\n<form action=\"\/en\/wp-json\/wp\/v2\/pages\/681#wpcf7-f708-o1\" method=\"post\" class=\"wpcf7-form init\" aria-label=\"Formulario de contacto\" enctype=\"multipart\/form-data\" novalidate=\"novalidate\" data-status=\"init\" data-trp-original-action=\"\/en\/wp-json\/wp\/v2\/pages\/681#wpcf7-f708-o1\">\n<fieldset class=\"hidden-fields-container\"><input type=\"hidden\" name=\"_wpcf7\" value=\"708\" \/><input type=\"hidden\" name=\"_wpcf7_version\" value=\"6.1.5\" \/><input type=\"hidden\" name=\"_wpcf7_locale\" value=\"es_ES\" \/><input type=\"hidden\" name=\"_wpcf7_unit_tag\" value=\"wpcf7-f708-o1\" \/><input type=\"hidden\" name=\"_wpcf7_container_post\" value=\"0\" \/><input type=\"hidden\" name=\"_wpcf7_posted_data_hash\" value=\"\" \/><input type=\"hidden\" name=\"_wpcf7_key\" value=\"formulario-de-contacto-1\" \/><input type=\"hidden\" name=\"_cf7sg_toggles\" value=\"\" \/><input type=\"hidden\" name=\"_cf7sg_version\" value=\"4.15.8\" \/><input type=\"hidden\" name=\"_wpnonce\" value=\"7b33356e32\" \/>\n<\/fieldset>\n<p><label>Nombre de la Agrupaci\u00f3n<br \/>\n<span class=\"wpcf7-form-control-wrap\" data-name=\"your-name\"><input size=\"40\" maxlength=\"400\" class=\"wpcf7-form-control wpcf7-text wpcf7-validates-as-required\" aria-required=\"true\" aria-invalid=\"false\" value=\"\" type=\"text\" name=\"your-name\" \/><\/span> <\/label>\n<\/p>\n<p><label>Nombre Viol\u00edn 1<br \/>\n<span class=\"wpcf7-form-control-wrap\" data-name=\"violin1\"><input size=\"40\" maxlength=\"400\" class=\"wpcf7-form-control wpcf7-text wpcf7-validates-as-required\" aria-required=\"true\" aria-invalid=\"false\" value=\"\" type=\"text\" name=\"violin1\" \/><\/span> <\/label>\n<\/p>\n<p><label>Nombre Viol\u00edn 2<br \/>\n<span class=\"wpcf7-form-control-wrap\" data-name=\"violin2\"><input size=\"40\" maxlength=\"400\" class=\"wpcf7-form-control wpcf7-text wpcf7-validates-as-required\" aria-required=\"true\" aria-invalid=\"false\" value=\"\" type=\"text\" name=\"violin2\" \/><\/span> <\/label>\n<\/p>\n<p><label>Nombre Viol\u00edn 3<br \/>\n<span class=\"wpcf7-form-control-wrap\" data-name=\"violin3\"><input size=\"40\" maxlength=\"400\" class=\"wpcf7-form-control wpcf7-text wpcf7-validates-as-required\" aria-required=\"true\" aria-invalid=\"false\" value=\"\" type=\"text\" name=\"violin3\" \/><\/span> <\/label>\n<\/p>\n<p><label>Nombre del Representante<br \/>\n<span class=\"wpcf7-form-control-wrap\" data-name=\"representante\"><input size=\"40\" maxlength=\"400\" class=\"wpcf7-form-control wpcf7-text wpcf7-validates-as-required\" aria-required=\"true\" aria-invalid=\"false\" value=\"\" type=\"text\" name=\"representante\" \/><\/span> <\/label>\n<\/p>\n<p><label>Email<br \/>\n<span class=\"wpcf7-form-control-wrap\" data-name=\"your-email\"><input size=\"40\" maxlength=\"400\" class=\"wpcf7-form-control wpcf7-email wpcf7-validates-as-required wpcf7-text wpcf7-validates-as-email\" aria-required=\"true\" aria-invalid=\"false\" value=\"\" type=\"email\" name=\"your-email\" \/><\/span> <\/label>\n<\/p>\n<p><label>Tel\u00e9fono de contacto<br \/>\n<span class=\"wpcf7-form-control-wrap\" data-name=\"telefono\"><input size=\"40\" maxlength=\"400\" class=\"wpcf7-form-control wpcf7-tel wpcf7-text wpcf7-validates-as-tel\" aria-invalid=\"false\" value=\"\" type=\"tel\" name=\"telefono\" \/><\/span><\/label>\n<\/p>\n<p><b>Documentaci\u00f3n<\/b><b><br \/>\n<label>Semblanza<br \/>\n<span class=\"wpcf7-form-control-wrap\" data-name=\"Semblanza\"><input size=\"40\" class=\"wpcf7-form-control wpcf7-file wpcf7-validates-as-required\" accept=\".pdf,.doc,.jpg,.jpeg\" aria-required=\"true\" aria-invalid=\"false\" type=\"file\" name=\"Semblanza\" \/><\/span><\/label><br \/>\n<label>Fotograf\u00eda de la Agrupaci\u00f3n<br \/>\n<span class=\"wpcf7-form-control-wrap\" data-name=\"fotografia\"><input size=\"40\" class=\"wpcf7-form-control wpcf7-file wpcf7-validates-as-required\" accept=\".gif,.png,.jpg,.jpeg\" aria-required=\"true\" aria-invalid=\"false\" type=\"file\" name=\"fotografia\" \/><\/span><\/label><br \/>\n<label>Video de la agrupaci\u00f3n (URL\/Direcci\u00f3n)<br \/>\n<span class=\"wpcf7-form-control-wrap\" data-name=\"video\"><input size=\"40\" maxlength=\"400\" class=\"wpcf7-form-control wpcf7-text wpcf7-validates-as-required\" aria-required=\"true\" aria-invalid=\"false\" value=\"Inserte el enlace a su video ej. enlace de Youtube, Vimeo, etc.\" type=\"text\" name=\"video\" \/><\/span> <\/label><br \/>\n<label>Obras a interpretar durante el curso (opcional)<br \/>\n<span class=\"wpcf7-form-control-wrap\" data-name=\"obras\"><textarea cols=\"40\" rows=\"10\" maxlength=\"2000\" class=\"wpcf7-form-control wpcf7-textarea\" aria-invalid=\"false\" name=\"obras\">Inserte una obra por l\u00ednea<\/textarea><\/span> <\/label><br \/>\n<input class=\"wpcf7-form-control wpcf7-submit has-spinner\" type=\"submit\" value=\"Send\" \/><\/b>\n<\/p><div class=\"wpcf7-response-output\" aria-hidden=\"true\"><\/div>\n<input type=\"hidden\" name=\"trp-form-language\" value=\"en\"\/><\/form>\n<\/div>\n<\/div><\/div><\/div>\n            <\/div>\t\t\t\t<\/div>\n\t\t\t\t<\/div>\n\t\t\t\t<div class=\"elementor-element elementor-element-bf2cbcc elementor-widget elementor-widget-text-editor\" data-id=\"bf2cbcc\" data-element_type=\"widget\" data-e-type=\"widget\" data-widget_type=\"text-editor.default\">\n\t\t\t\t<div class=\"elementor-widget-container\">\n\t\t\t\t\t\t\t\t\t<p>De ser seleccionada la agrupaci\u00f3n, se enviar\u00e1 a su representante (v\u00eda internet) la confirmaci\u00f3n de participaci\u00f3n en el curso.<\/p>\t\t\t\t\t\t\t\t<\/div>\n\t\t\t\t<\/div>\n\t\t\t\t\t<\/div>\n\t\t<\/div>\n\t\t\t\t\t<\/div>\n\t\t<\/section>\n\t\t\t\t<\/div>","protected":false},"excerpt":{"rendered":"<p>CURSO VIRTUAL PARA Cuarteto de Cuerdas 2022 Del 17 al 21 de Enero 2022 Convocatoria Edad: Sin l\u00edmite de edad.Fecha l\u00edmite de inscripci\u00f3n: 5 de Enero del 2022Fecha de publicaci\u00f3n [&hellip;]<\/p>\n","protected":false},"author":1,"featured_media":0,"parent":0,"menu_order":0,"comment_status":"closed","ping_status":"closed","template":"elementor_header_footer","meta":{"site-sidebar-layout":"no-sidebar","site-content-layout":"page-builder","ast-site-content-layout":"default","site-content-style":"default","site-sidebar-style":"default","ast-global-header-display":"","ast-banner-title-visibility":"","ast-main-header-display":"","ast-hfb-above-header-display":"","ast-hfb-below-header-display":"","ast-hfb-mobile-header-display":"","site-post-title":"disabled","ast-breadcrumbs-content":"","ast-featured-img":"disabled","footer-sml-layout":"","theme-transparent-header-meta":"default","adv-header-id-meta":"","stick-header-meta":"","header-above-stick-meta":"","header-main-stick-meta":"","header-below-stick-meta":"","astra-migrate-meta-layouts":"default","ast-page-background-enabled":"default","ast-page-background-meta":{"desktop":{"background-color":"","background-image":"","background-repeat":"repeat","background-position":"center center","background-size":"auto","background-attachment":"scroll","background-type":"","background-media":"","overlay-type":"","overlay-color":"","overlay-opacity":"","overlay-gradient":""},"tablet":{"background-color":"","background-image":"","background-repeat":"repeat","background-position":"center center","background-size":"auto","background-attachment":"scroll","background-type":"","background-media":"","overlay-type":"","overlay-color":"","overlay-opacity":"","overlay-gradient":""},"mobile":{"background-color":"","background-image":"","background-repeat":"repeat","background-position":"center center","background-size":"auto","background-attachment":"scroll","background-type":"","background-media":"","overlay-type":"","overlay-color":"","overlay-opacity":"","overlay-gradient":""}},"ast-content-background-meta":{"desktop":{"background-color":"var(--ast-global-color-5)","background-image":"","background-repeat":"repeat","background-position":"center center","background-size":"auto","background-attachment":"scroll","background-type":"","background-media":"","overlay-type":"","overlay-color":"","overlay-opacity":"","overlay-gradient":""},"tablet":{"background-color":"var(--ast-global-color-5)","background-image":"","background-repeat":"repeat","background-position":"center center","background-size":"auto","background-attachment":"scroll","background-type":"","background-media":"","overlay-type":"","overlay-color":"","overlay-opacity":"","overlay-gradient":""},"mobile":{"background-color":"var(--ast-global-color-5)","background-image":"","background-repeat":"repeat","background-position":"center center","background-size":"auto","background-attachment":"scroll","background-type":"","background-media":"","overlay-type":"","overlay-color":"","overlay-opacity":"","overlay-gradient":""}},"footnotes":""},"class_list":["post-681","page","type-page","status-publish","hentry"],"_links":{"self":[{"href":"https:\/\/www.cuartetojosewhite.com\/en\/wp-json\/wp\/v2\/pages\/681","targetHints":{"allow":["GET"]}}],"collection":[{"href":"https:\/\/www.cuartetojosewhite.com\/en\/wp-json\/wp\/v2\/pages"}],"about":[{"href":"https:\/\/www.cuartetojosewhite.com\/en\/wp-json\/wp\/v2\/types\/page"}],"author":[{"embeddable":true,"href":"https:\/\/www.cuartetojosewhite.com\/en\/wp-json\/wp\/v2\/users\/1"}],"replies":[{"embeddable":true,"href":"https:\/\/www.cuartetojosewhite.com\/en\/wp-json\/wp\/v2\/comments?post=681"}],"version-history":[{"count":56,"href":"https:\/\/www.cuartetojosewhite.com\/en\/wp-json\/wp\/v2\/pages\/681\/revisions"}],"predecessor-version":[{"id":787,"href":"https:\/\/www.cuartetojosewhite.com\/en\/wp-json\/wp\/v2\/pages\/681\/revisions\/787"}],"wp:attachment":[{"href":"https:\/\/www.cuartetojosewhite.com\/en\/wp-json\/wp\/v2\/media?parent=681"}],"curies":[{"name":"wp","href":"https:\/\/api.w.org\/{rel}","templated":true}]}}