{"id":291,"date":"2020-10-26T19:18:07","date_gmt":"2020-10-26T19:18:07","guid":{"rendered":"https:\/\/www.cuartetojosewhite.com\/?page_id=291"},"modified":"2020-10-26T19:29:35","modified_gmt":"2020-10-26T19:29:35","slug":"convocatoria-nuestra-america-2020","status":"publish","type":"page","link":"https:\/\/www.cuartetojosewhite.com\/en\/convocatoria-nuestra-america-2020\/","title":{"rendered":"Convocatoria Nuestra Am\u00e9rica 2020"},"content":{"rendered":"<div data-elementor-type=\"wp-page\" data-elementor-id=\"291\" class=\"elementor elementor-291\">\n\t\t\t\t\t\t<section class=\"has_eae_slider elementor-section elementor-top-section elementor-element elementor-element-08b7a04 elementor-section-height-min-height elementor-section-boxed elementor-section-height-default elementor-section-items-middle\" data-eae-slider=\"89391\" data-particle_enable=\"false\" data-particle-mobile-disabled=\"false\" data-id=\"08b7a04\" data-element_type=\"section\" data-e-type=\"section\" data-settings=\"{&quot;background_background&quot;:&quot;classic&quot;}\">\n\t\t\t\t\t\t\t<div class=\"elementor-background-overlay\"><\/div>\n\t\t\t\t\t\t\t<div class=\"elementor-container elementor-column-gap-no\">\n\t\t\t\t\t<div class=\"has_eae_slider elementor-column elementor-col-100 elementor-top-column elementor-element elementor-element-f61ee34\" data-eae-slider=\"43061\" data-id=\"f61ee34\" data-element_type=\"column\" data-e-type=\"column\">\n\t\t\t<div class=\"elementor-widget-wrap elementor-element-populated\">\n\t\t\t\t\t\t<div class=\"elementor-element elementor-element-f625870 elementor-widget elementor-widget-heading\" data-id=\"f625870\" data-element_type=\"widget\" data-e-type=\"widget\" data-widget_type=\"heading.default\">\n\t\t\t\t<div class=\"elementor-widget-container\">\n\t\t\t\t\t<h6 class=\"elementor-heading-title elementor-size-default\">CONCURSO NACIONAL DE COMPOSICI\u00d3N<\/h6>\t\t\t\t<\/div>\n\t\t\t\t<\/div>\n\t\t\t\t<div class=\"elementor-element elementor-element-e18ae01 elementor-widget elementor-widget-heading\" data-id=\"e18ae01\" data-element_type=\"widget\" data-e-type=\"widget\" data-widget_type=\"heading.default\">\n\t\t\t\t<div class=\"elementor-widget-container\">\n\t\t\t\t\t<h2 class=\"elementor-heading-title elementor-size-default\">Nuestra Am\u00e9rica<\/h2>\t\t\t\t<\/div>\n\t\t\t\t<\/div>\n\t\t\t\t<div class=\"elementor-element elementor-element-575f890 elementor-widget elementor-widget-heading\" data-id=\"575f890\" data-element_type=\"widget\" data-e-type=\"widget\" data-widget_type=\"heading.default\">\n\t\t\t\t<div class=\"elementor-widget-container\">\n\t\t\t\t\t<h2 class=\"elementor-heading-title elementor-size-default\">2020<\/h2>\t\t\t\t<\/div>\n\t\t\t\t<\/div>\n\t\t\t\t\t<\/div>\n\t\t<\/div>\n\t\t\t\t\t<\/div>\n\t\t<\/section>\n\t\t\t\t<section class=\"has_eae_slider elementor-section elementor-top-section elementor-element elementor-element-2b73567 elementor-section-boxed elementor-section-height-default elementor-section-height-default\" data-eae-slider=\"73906\" data-particle_enable=\"false\" data-particle-mobile-disabled=\"false\" data-id=\"2b73567\" data-element_type=\"section\" data-e-type=\"section\" data-settings=\"{&quot;background_background&quot;:&quot;classic&quot;}\">\n\t\t\t\t\t\t\t<div class=\"elementor-background-overlay\"><\/div>\n\t\t\t\t\t\t\t<div class=\"elementor-container elementor-column-gap-default\">\n\t\t\t\t\t<div class=\"has_eae_slider elementor-column elementor-col-50 elementor-top-column elementor-element elementor-element-6c60927\" data-eae-slider=\"25124\" data-id=\"6c60927\" data-element_type=\"column\" data-e-type=\"column\">\n\t\t\t<div class=\"elementor-widget-wrap elementor-element-populated\">\n\t\t\t\t\t\t<div class=\"elementor-element elementor-element-c59fac7 elementor-widget elementor-widget-heading\" data-id=\"c59fac7\" data-element_type=\"widget\" data-e-type=\"widget\" data-widget_type=\"heading.default\">\n\t\t\t\t<div class=\"elementor-widget-container\">\n\t\t\t\t\t<h2 class=\"elementor-heading-title elementor-size-default\">Bases generales. <\/h2>\t\t\t\t<\/div>\n\t\t\t\t<\/div>\n\t\t\t\t<div class=\"elementor-element elementor-element-16c88bd elementor-widget elementor-widget-text-editor\" data-id=\"16c88bd\" data-element_type=\"widget\" data-e-type=\"widget\" data-widget_type=\"text-editor.default\">\n\t\t\t\t<div class=\"elementor-widget-container\">\n\t\t\t\t\t\t\t\t\t<ul class=\"font_8\"><li><p class=\"font_8\">Concurso abierto a compositores de todas las nacionalidades sin restricciones de edad.\u00a0<\/p><\/li><li><p class=\"font_8\">\u0095El objetivo del concurso es alentar, promover y difundir la creaci\u00f3n de obras para cuarteto de cuerdas y contribuir a la renovaci\u00f3n constante del repertorio de m\u00fasica de c\u00e1mara de nuestros d\u00edas.<\/p><\/li><li><p class=\"font_8\">El tema ser\u00e1 a libre elecci\u00f3n.<\/p><\/li><li><p class=\"font_8\">\u0095El Primer Premio consistir\u00e1 en la cantidad de 40,000 pesos, moneda nacional (Pesos Mexicanos) y se propondr\u00e1 el estreno de la obra al Foro Internacional de M\u00fasica Nueva \u201cManuel Enr\u00edquez\u201d 2021(*), as\u00ed como la interpretaci\u00f3n\u00a0de la misma durante las giras y conciertos\u00a0del Cuarteto de Cuerdas Jos\u00e9 White durante el a\u00f1o 2021.<\/p><\/li><li><p class=\"font_8\">\u0095Se otorgar\u00e1n dos menciones cuyo premio consistir\u00e1 en la propuesta de su estreno en el Foro Internacional de M\u00fasica Nueva \u201cManuel Enr\u00edquez\u201d 2021(*) y la interpretaci\u00f3n de las mismas durante las giras y conciertos\u00a0del Cuarteto de Cuerdas Jos\u00e9 White durante el a\u00f1o 2021.<\/p><\/li><\/ul><p class=\"font_8\"><span class=\"wixGuard\">\u200b<\/span><\/p>\t\t\t\t\t\t\t\t<\/div>\n\t\t\t\t<\/div>\n\t\t\t\t\t<\/div>\n\t\t<\/div>\n\t\t\t\t<div class=\"has_eae_slider elementor-column elementor-col-50 elementor-top-column elementor-element elementor-element-6a80aef\" data-eae-slider=\"8409\" data-id=\"6a80aef\" data-element_type=\"column\" data-e-type=\"column\">\n\t\t\t<div class=\"elementor-widget-wrap elementor-element-populated\">\n\t\t\t\t\t\t<div class=\"elementor-element elementor-element-43b35eb elementor-widget elementor-widget-heading\" data-id=\"43b35eb\" data-element_type=\"widget\" data-e-type=\"widget\" data-widget_type=\"heading.default\">\n\t\t\t\t<div class=\"elementor-widget-container\">\n\t\t\t\t\t<h2 class=\"elementor-heading-title elementor-size-default\">T\u00e9rminos y condiciones.<\/h2>\t\t\t\t<\/div>\n\t\t\t\t<\/div>\n\t\t\t\t<div class=\"elementor-element elementor-element-1174363 elementor-widget elementor-widget-text-editor\" data-id=\"1174363\" data-element_type=\"widget\" data-e-type=\"widget\" data-widget_type=\"text-editor.default\">\n\t\t\t\t<div class=\"elementor-widget-container\">\n\t\t\t\t\t\t\t\t\t<ul class=\"font_8\"><li><p class=\"font_8\">\u00a0Las obras se compondr\u00e1n exclusivamente para el formato de cuarteto de cuerdas, esto es: viol\u00edn primero y segundo, viola y violoncello.<\/p><\/li><li><p class=\"font_8\">No se aceptar\u00e1n partituras ni particellas v\u00eda e-mail.<\/p><\/li><li><p class=\"font_8\">La duraci\u00f3n de las obras ser\u00e1 de un m\u00ednimo de 6 minutos a un m\u00e1ximo de 12 minutos.<\/p><\/li><li><p class=\"font_8\">Las obras no deben haber sido publicadas ni estrenadas, sin embargo, se aceptar\u00e1n obras compuestas con anterioridad a la fecha del inicio de esta convocatoria.<\/p><\/li><li><p class=\"font_8\">\u0095No se aceptar\u00e1n obras manuscritas.<\/p><\/li><li><p class=\"font_8\">\u0095Se enviar\u00e1 una sola copia de la partitura impresa y un juego completo de particellas (una parte de viol\u00edn primero, una de segundo, una de viola y una de violoncello).<\/p><\/li><li><p class=\"font_8\">Las composiciones deber\u00e1n firmarse bajo un seud\u00f3nimo. \u00a0 \u00a0 \u00a0 \u00a0 \u00a0 \u00a0 \u00a0 \u00a0 \u00a0 \u00a0 \u00a0 \u00a0 \u00a0 \u00a0 \u00a0 \u00a0 \u00a0 \u00a0 \u00a0 \u00a0 \u00a0 \u00a0 \u00a0 \u00a0 \u00a0 \u00a0 \u00a0 \u00a0 \u00a0 \u00a0 \u00a0 \u00a0 \u00a0 \u00a0 \u00a0 \u00a0 \u00a0 \u00a0 \u00a0 \u00a0 \u00a0 \u00a0 \u00a0 \u00a0 \u00a0 \u00a0 \u00a0 \u00a0 \u00a0 \u00a0 \u00a0 \u00a0 \u00a0 \u00a0 &#8211;\u00a0Se enviar\u00e1 en un sobre cerrado en alguno de los siguientes medios: CD, tarjeta de memoria o memoria USB,\u00a0\u00a0la informaci\u00f3n siguiente: \u00a0copia de ficha de dep\u00f3sito de la inscripci\u00f3n,\u00a0nombre real, direcci\u00f3n, fecha de nacimiento y una breve semblanza del compositor as\u00ed como la partitura en formato pdf y notas al programa (mismas que ser\u00e1n incluidas en los programas de mano en las presentaciones).<\/p><\/li><li><p class=\"font_8\">\u0095Cada compositor podr\u00e1 enviar solamente una obra de su autor\u00eda.<\/p><\/li><li><p class=\"font_8\">Las composiciones no ser\u00e1n devueltas y quedar\u00e1n en los archivos del\u00a0Cuarteto de Cuerdas Jos\u00e9 White S.C.<\/p><\/li><li><p class=\"font_8\">\u0095Se enviar\u00e1 una copia de las obras ganadoras a los archivos del FONCA como constancia de la premiaci\u00f3n. Tambi\u00e9n se enviar\u00e1 una copia a los archivos del Foro Internacional de M\u00fasica Nueva \u201cManuel Enr\u00edquez\u201d.<\/p><\/li><li><p class=\"font_8\">Las composiciones ser\u00e1n juzgadas por el Cuarteto de Cuerdas Jos\u00e9 White S.C. y por dos jurados elegidos entre los int\u00e9rpretes y compositores m\u00e1s reconocidos de nuestra actualidad.<\/p><\/li><li><p class=\"font_8\">Las decisiones del jurado ser\u00e1n inapelables.\u00a0<\/p><\/li><\/ul>\t\t\t\t\t\t\t\t<\/div>\n\t\t\t\t<\/div>\n\t\t\t\t\t<\/div>\n\t\t<\/div>\n\t\t\t\t\t<\/div>\n\t\t<\/section>\n\t\t\t\t<section class=\"has_eae_slider elementor-section elementor-top-section elementor-element elementor-element-fadaeb0 elementor-section-boxed elementor-section-height-default elementor-section-height-default\" data-eae-slider=\"66581\" data-particle_enable=\"false\" data-particle-mobile-disabled=\"false\" data-id=\"fadaeb0\" data-element_type=\"section\" data-e-type=\"section\" data-settings=\"{&quot;background_background&quot;:&quot;classic&quot;}\">\n\t\t\t\t\t\t\t<div class=\"elementor-background-overlay\"><\/div>\n\t\t\t\t\t\t\t<div class=\"elementor-container elementor-column-gap-default\">\n\t\t\t\t\t<div class=\"has_eae_slider elementor-column elementor-col-100 elementor-top-column elementor-element elementor-element-1c46960\" data-eae-slider=\"65552\" data-id=\"1c46960\" data-element_type=\"column\" data-e-type=\"column\">\n\t\t\t<div class=\"elementor-widget-wrap elementor-element-populated\">\n\t\t\t\t\t\t<div class=\"elementor-element elementor-element-ad999da elementor-widget elementor-widget-text-editor\" data-id=\"ad999da\" data-element_type=\"widget\" data-e-type=\"widget\" data-widget_type=\"text-editor.default\">\n\t\t\t\t<div class=\"elementor-widget-container\">\n\t\t\t\t\t\t\t\t\t<p class=\"font_8\">El Foro Internacional de M\u00fasica Nueva \u201cManuel Enr\u00edquez\u201d selecciona las obras a participar en su programaci\u00f3n mediante la decisi\u00f3n de un jurado que es totalmente ajeno a la presente convocatoria. El Cuarteto de Cuerdas Jos\u00e9 White se compromete a enviar todas las solicitudes y documentos pertinentes para la posible inclusi\u00f3n de las obras premiadas.<\/p><p class=\"font_8\">\u00a0<\/p>\t\t\t\t\t\t\t\t<\/div>\n\t\t\t\t<\/div>\n\t\t\t\t<section class=\"has_eae_slider elementor-section elementor-inner-section elementor-element elementor-element-6b1bb0f elementor-section-boxed elementor-section-height-default elementor-section-height-default\" data-eae-slider=\"92840\" data-particle_enable=\"false\" data-particle-mobile-disabled=\"false\" data-id=\"6b1bb0f\" data-element_type=\"section\" data-e-type=\"section\">\n\t\t\t\t\t\t<div class=\"elementor-container elementor-column-gap-default\">\n\t\t\t\t\t<div class=\"has_eae_slider elementor-column elementor-col-50 elementor-inner-column elementor-element elementor-element-4b65b53\" data-eae-slider=\"68520\" data-id=\"4b65b53\" data-element_type=\"column\" data-e-type=\"column\">\n\t\t\t<div class=\"elementor-widget-wrap elementor-element-populated\">\n\t\t\t\t\t\t<div class=\"elementor-element elementor-element-a9637c3 elementor-widget elementor-widget-text-editor\" data-id=\"a9637c3\" data-element_type=\"widget\" data-e-type=\"widget\" data-widget_type=\"text-editor.default\">\n\t\t\t\t<div class=\"elementor-widget-container\">\n\t\t\t\t\t\t\t\t\t<h4 class=\"font_8\"><strong>Las obras ser\u00e1n enviadas a:<br \/><br \/><\/strong><\/h4><p class=\"font_8\"><strong>Cuarteto de Cuerdas Jos\u00e9 White S.C.<br \/><\/strong>Cerrada Curicaveri 102, Fraccionamiento Puesta del Sol , Aguascalientes,\u00a0 20326,\u00a0 M\u00e9xico<\/p><p class=\"font_8\">Los compositores deber\u00e1n realizar un pago de 200 pesos moneda nacional (pesos mexicanos) <br \/>como costo de inscripci\u00f3n al concurso en la siguiente cuenta del Cuarteto de Cuerdas Jos\u00e9 White;<\/p><p class=\"font_8\"><strong>Banco:<\/strong> Banamex<br \/><strong>N\u00famero de Cuenta<\/strong>: 12857<br \/><strong>Sucursal:<\/strong> 4718<br \/>A nombre del Cuarteto de Cuerdas Jos\u00e9 White S.C.<\/p><p class=\"font_8\">La fecha l\u00edmite de entrega de los trabajos ser\u00e1 el d\u00eda 27 Noviembre del a\u00f1o 2020.<\/p><p class=\"font_8\">Los resultados ser\u00e1n publicados el d\u00eda 11 de Diciembre del a\u00f1o 2020 en la p\u00e1gina web del <br \/>Cuarteto de Cuerdas Jos\u00e9 White\u00a0<a href=\"https:\/\/www.cuartetojosewhite.com\/en\/\" target=\"_blank\" rel=\"noopener\">https:\/\/www.cuartetojosewhite.com<\/a>\u00a0y <br \/>en su p\u00e1gina de Facebook:\u00a0<a href=\"https:\/\/www.facebook.com\/cuarteto.josewhite\" target=\"_blank\" rel=\"noopener\">https:\/\/www.facebook.com\/cuarteto.josewhite<\/a><\/p>\t\t\t\t\t\t\t\t<\/div>\n\t\t\t\t<\/div>\n\t\t\t\t\t<\/div>\n\t\t<\/div>\n\t\t\t\t<div class=\"has_eae_slider elementor-column elementor-col-50 elementor-inner-column elementor-element elementor-element-db02e38\" data-eae-slider=\"32007\" data-id=\"db02e38\" data-element_type=\"column\" data-e-type=\"column\">\n\t\t\t<div class=\"elementor-widget-wrap elementor-element-populated\">\n\t\t\t\t\t\t<div class=\"elementor-element elementor-element-6609eb9 elementor-widget elementor-widget-text-editor\" data-id=\"6609eb9\" data-element_type=\"widget\" data-e-type=\"widget\" data-widget_type=\"text-editor.default\">\n\t\t\t\t<div class=\"elementor-widget-container\">\n\t\t\t\t\t\t\t\t\t<h5 class=\"font_8\"><strong>El ganador del premio Nuestra Am\u00e9rica deber\u00e1 presentar:<br \/><br \/><\/strong><\/h5><p class=\"font_8\"><strong>Mexicano<\/strong><br \/>Un recibo de honorarios o factura para recibir el premio. (no generar\u00e1 impuestos)<\/p><p class=\"font_8\"><strong>Otros pa\u00edses<\/strong><br \/>N\u00famero de identificaci\u00f3n ante la secretar\u00eda de hacienda de su pa\u00eds de origen.\u00a0<\/p><p class=\"font_8\"><span class=\"wixGuard\">\u200b<\/span>Para preguntas o comentarios puede escribir a :<br \/><a href=\"mailto:info@cuartetojosewhite.com\">info@cuartetojosewhite.com<\/a><\/p><p class=\"font_8\">\u00a0<\/p>\t\t\t\t\t\t\t\t<\/div>\n\t\t\t\t<\/div>\n\t\t\t\t\t<\/div>\n\t\t<\/div>\n\t\t\t\t\t<\/div>\n\t\t<\/section>\n\t\t\t\t\t<\/div>\n\t\t<\/div>\n\t\t\t\t\t<\/div>\n\t\t<\/section>\n\t\t\t\t<\/div>","protected":false},"excerpt":{"rendered":"<p>CONCURSO NACIONAL DE COMPOSICI\u00d3N Nuestra Am\u00e9rica 2020 Bases generales. Concurso abierto a compositores de todas las nacionalidades sin restricciones de edad.\u00a0 \u0095El objetivo del concurso es alentar, promover y difundir [&hellip;]<\/p>\n","protected":false},"author":1,"featured_media":0,"parent":0,"menu_order":0,"comment_status":"closed","ping_status":"closed","template":"elementor_header_footer","meta":{"site-sidebar-layout":"no-sidebar","site-content-layout":"page-builder","ast-site-content-layout":"default","site-content-style":"default","site-sidebar-style":"default","ast-global-header-display":"","ast-banner-title-visibility":"","ast-main-header-display":"","ast-hfb-above-header-display":"","ast-hfb-below-header-display":"","ast-hfb-mobile-header-display":"","site-post-title":"disabled","ast-breadcrumbs-content":"","ast-featured-img":"disabled","footer-sml-layout":"","theme-transparent-header-meta":"default","adv-header-id-meta":"","stick-header-meta":"","header-above-stick-meta":"","header-main-stick-meta":"","header-below-stick-meta":"","astra-migrate-meta-layouts":"default","ast-page-background-enabled":"default","ast-page-background-meta":{"desktop":{"background-color":"","background-image":"","background-repeat":"repeat","background-position":"center center","background-size":"auto","background-attachment":"scroll","background-type":"","background-media":"","overlay-type":"","overlay-color":"","overlay-opacity":"","overlay-gradient":""},"tablet":{"background-color":"","background-image":"","background-repeat":"repeat","background-position":"center center","background-size":"auto","background-attachment":"scroll","background-type":"","background-media":"","overlay-type":"","overlay-color":"","overlay-opacity":"","overlay-gradient":""},"mobile":{"background-color":"","background-image":"","background-repeat":"repeat","background-position":"center center","background-size":"auto","background-attachment":"scroll","background-type":"","background-media":"","overlay-type":"","overlay-color":"","overlay-opacity":"","overlay-gradient":""}},"ast-content-background-meta":{"desktop":{"background-color":"var(--ast-global-color-5)","background-image":"","background-repeat":"repeat","background-position":"center center","background-size":"auto","background-attachment":"scroll","background-type":"","background-media":"","overlay-type":"","overlay-color":"","overlay-opacity":"","overlay-gradient":""},"tablet":{"background-color":"var(--ast-global-color-5)","background-image":"","background-repeat":"repeat","background-position":"center center","background-size":"auto","background-attachment":"scroll","background-type":"","background-media":"","overlay-type":"","overlay-color":"","overlay-opacity":"","overlay-gradient":""},"mobile":{"background-color":"var(--ast-global-color-5)","background-image":"","background-repeat":"repeat","background-position":"center center","background-size":"auto","background-attachment":"scroll","background-type":"","background-media":"","overlay-type":"","overlay-color":"","overlay-opacity":"","overlay-gradient":""}},"footnotes":""},"class_list":["post-291","page","type-page","status-publish","hentry"],"_links":{"self":[{"href":"https:\/\/www.cuartetojosewhite.com\/en\/wp-json\/wp\/v2\/pages\/291","targetHints":{"allow":["GET"]}}],"collection":[{"href":"https:\/\/www.cuartetojosewhite.com\/en\/wp-json\/wp\/v2\/pages"}],"about":[{"href":"https:\/\/www.cuartetojosewhite.com\/en\/wp-json\/wp\/v2\/types\/page"}],"author":[{"embeddable":true,"href":"https:\/\/www.cuartetojosewhite.com\/en\/wp-json\/wp\/v2\/users\/1"}],"replies":[{"embeddable":true,"href":"https:\/\/www.cuartetojosewhite.com\/en\/wp-json\/wp\/v2\/comments?post=291"}],"version-history":[{"count":2,"href":"https:\/\/www.cuartetojosewhite.com\/en\/wp-json\/wp\/v2\/pages\/291\/revisions"}],"predecessor-version":[{"id":298,"href":"https:\/\/www.cuartetojosewhite.com\/en\/wp-json\/wp\/v2\/pages\/291\/revisions\/298"}],"wp:attachment":[{"href":"https:\/\/www.cuartetojosewhite.com\/en\/wp-json\/wp\/v2\/media?parent=291"}],"curies":[{"name":"wp","href":"https:\/\/api.w.org\/{rel}","templated":true}]}}