{"id":261,"date":"2020-10-06T00:16:45","date_gmt":"2020-10-06T00:16:45","guid":{"rendered":"https:\/\/www.cuartetojosewhite.com\/?page_id=261"},"modified":"2023-10-16T17:53:20","modified_gmt":"2023-10-16T23:53:20","slug":"convocatorias","status":"publish","type":"page","link":"https:\/\/www.cuartetojosewhite.com\/en\/convocatorias\/","title":{"rendered":"Announcements"},"content":{"rendered":"<div data-elementor-type=\"wp-page\" data-elementor-id=\"261\" class=\"elementor elementor-261\">\n\t\t\t\t\t\t<section class=\"has_eae_slider elementor-section elementor-top-section elementor-element elementor-element-08b7a04 elementor-section-height-min-height elementor-section-boxed elementor-section-height-default elementor-section-items-middle\" data-eae-slider=\"92698\" data-particle_enable=\"false\" data-particle-mobile-disabled=\"false\" data-id=\"08b7a04\" data-element_type=\"section\" data-e-type=\"section\" data-settings=\"{&quot;background_background&quot;:&quot;classic&quot;}\">\n\t\t\t\t\t\t\t<div class=\"elementor-background-overlay\"><\/div>\n\t\t\t\t\t\t\t<div class=\"elementor-container elementor-column-gap-no\">\n\t\t\t\t\t<div class=\"has_eae_slider elementor-column elementor-col-100 elementor-top-column elementor-element elementor-element-f61ee34\" data-eae-slider=\"45421\" data-id=\"f61ee34\" data-element_type=\"column\" data-e-type=\"column\">\n\t\t\t<div class=\"elementor-widget-wrap elementor-element-populated\">\n\t\t\t\t\t\t<div class=\"elementor-element elementor-element-e18ae01 elementor-widget elementor-widget-heading\" data-id=\"e18ae01\" data-element_type=\"widget\" data-e-type=\"widget\" data-widget_type=\"heading.default\">\n\t\t\t\t<div class=\"elementor-widget-container\">\n\t\t\t\t\t<h2 class=\"elementor-heading-title elementor-size-default\">Announcements<\/h2>\t\t\t\t<\/div>\n\t\t\t\t<\/div>\n\t\t\t\t\t<\/div>\n\t\t<\/div>\n\t\t\t\t\t<\/div>\n\t\t<\/section>\n\t\t\t\t<section class=\"has_eae_slider elementor-section elementor-top-section elementor-element elementor-element-2b73567 elementor-section-boxed elementor-section-height-default elementor-section-height-default\" data-eae-slider=\"32661\" data-particle_enable=\"false\" data-particle-mobile-disabled=\"false\" data-id=\"2b73567\" data-element_type=\"section\" data-e-type=\"section\" data-settings=\"{&quot;background_background&quot;:&quot;classic&quot;}\">\n\t\t\t\t\t\t\t<div class=\"elementor-background-overlay\"><\/div>\n\t\t\t\t\t\t\t<div class=\"elementor-container elementor-column-gap-default\">\n\t\t\t\t\t<div class=\"has_eae_slider elementor-column elementor-col-100 elementor-top-column elementor-element elementor-element-6c60927\" data-eae-slider=\"32740\" data-id=\"6c60927\" data-element_type=\"column\" data-e-type=\"column\">\n\t\t\t<div class=\"elementor-widget-wrap elementor-element-populated\">\n\t\t\t\t\t\t<div class=\"elementor-element elementor-element-c59fac7 elementor-widget elementor-widget-heading\" data-id=\"c59fac7\" data-element_type=\"widget\" data-e-type=\"widget\" data-widget_type=\"heading.default\">\n\t\t\t\t<div class=\"elementor-widget-container\">\n\t\t\t\t\t<h2 class=\"elementor-heading-title elementor-size-default\">Ent\u00e9rate de las convocatorias actuales.<\/h2>\t\t\t\t<\/div>\n\t\t\t\t<\/div>\n\t\t\t\t<section class=\"has_eae_slider elementor-section elementor-inner-section elementor-element elementor-element-4ca9bf8 elementor-section-boxed elementor-section-height-default elementor-section-height-default\" data-eae-slider=\"6717\" data-particle_enable=\"false\" data-particle-mobile-disabled=\"false\" data-id=\"4ca9bf8\" data-element_type=\"section\" data-e-type=\"section\">\n\t\t\t\t\t\t<div class=\"elementor-container elementor-column-gap-default\">\n\t\t\t\t\t<div class=\"has_eae_slider elementor-column elementor-col-50 elementor-inner-column elementor-element elementor-element-6a746c7\" data-eae-slider=\"69815\" data-id=\"6a746c7\" data-element_type=\"column\" data-e-type=\"column\">\n\t\t\t<div class=\"elementor-widget-wrap elementor-element-populated\">\n\t\t\t\t\t\t<div class=\"elementor-element elementor-element-6f3cded elementor-position-top elementor-widget elementor-widget-image-box\" data-id=\"6f3cded\" data-element_type=\"widget\" data-e-type=\"widget\" data-widget_type=\"image-box.default\">\n\t\t\t\t<div class=\"elementor-widget-container\">\n\t\t\t\t\t<div class=\"elementor-image-box-wrapper\"><figure class=\"elementor-image-box-img\"><a href=\"https:\/\/www.cuartetojosewhite.com\/en\/concurso-nuestra-america-2022\/\" tabindex=\"-1\"><img fetchpriority=\"high\" decoding=\"async\" width=\"980\" height=\"608\" src=\"https:\/\/www.cuartetojosewhite.com\/wp-content\/uploads\/2022\/12\/cuarteto-white.jpg\" class=\"attachment-full size-full wp-image-847\" alt=\"\" srcset=\"https:\/\/www.cuartetojosewhite.com\/wp-content\/uploads\/2022\/12\/cuarteto-white.jpg 980w, https:\/\/www.cuartetojosewhite.com\/wp-content\/uploads\/2022\/12\/cuarteto-white-300x186.jpg 300w, https:\/\/www.cuartetojosewhite.com\/wp-content\/uploads\/2022\/12\/cuarteto-white-768x476.jpg 768w, https:\/\/www.cuartetojosewhite.com\/wp-content\/uploads\/2022\/12\/cuarteto-white-18x12.jpg 18w\" sizes=\"(max-width: 980px) 100vw, 980px\" \/><\/a><\/figure><div class=\"elementor-image-box-content\"><h3 class=\"elementor-image-box-title\"><a href=\"https:\/\/www.cuartetojosewhite.com\/en\/concurso-nuestra-america-2022\/\">Nuestra Am\u00e9rica 2022<\/a><\/h3><p class=\"elementor-image-box-description\">Concurso nacional de composici\u00f3n para cuarteto de cuerdas.<br>\n<strong>Fecha l\u00edmite:<\/strong> 14 de Julio del 2023<\/p><\/div><\/div>\t\t\t\t<\/div>\n\t\t\t\t<\/div>\n\t\t\t\t\t<\/div>\n\t\t<\/div>\n\t\t\t\t<div class=\"has_eae_slider elementor-column elementor-col-50 elementor-inner-column elementor-element elementor-element-ed2df30\" data-eae-slider=\"12833\" data-id=\"ed2df30\" data-element_type=\"column\" data-e-type=\"column\">\n\t\t\t<div class=\"elementor-widget-wrap elementor-element-populated\">\n\t\t\t\t\t\t<div class=\"elementor-element elementor-element-db3d1e7 elementor-position-top elementor-widget elementor-widget-image-box\" data-id=\"db3d1e7\" data-element_type=\"widget\" data-e-type=\"widget\" data-widget_type=\"image-box.default\">\n\t\t\t\t<div class=\"elementor-widget-container\">\n\t\t\t\t\t<div class=\"elementor-image-box-wrapper\"><figure class=\"elementor-image-box-img\"><a href=\"https:\/\/www.cuartetojosewhite.com\/en\/curso-intensivo-para-cuartetos-de-cuerda-2024\/\" tabindex=\"-1\"><img decoding=\"async\" width=\"800\" height=\"600\" src=\"https:\/\/www.cuartetojosewhite.com\/wp-content\/uploads\/2023\/10\/CONVOCATORIA2024.jpg\" class=\"attachment-full size-full wp-image-965\" alt=\"\" srcset=\"https:\/\/www.cuartetojosewhite.com\/wp-content\/uploads\/2023\/10\/CONVOCATORIA2024.jpg 800w, https:\/\/www.cuartetojosewhite.com\/wp-content\/uploads\/2023\/10\/CONVOCATORIA2024-300x225.jpg 300w, https:\/\/www.cuartetojosewhite.com\/wp-content\/uploads\/2023\/10\/CONVOCATORIA2024-768x576.jpg 768w, https:\/\/www.cuartetojosewhite.com\/wp-content\/uploads\/2023\/10\/CONVOCATORIA2024-16x12.jpg 16w\" sizes=\"(max-width: 800px) 100vw, 800px\" \/><\/a><\/figure><div class=\"elementor-image-box-content\"><h3 class=\"elementor-image-box-title\"><a href=\"https:\/\/www.cuartetojosewhite.com\/en\/curso-intensivo-para-cuartetos-de-cuerda-2024\/\">Curso Intensivo para Cuartetos de Cuerdas 2024<\/a><\/h3><p class=\"elementor-image-box-description\">Del 21 al 27 de Enero<br>\n<b>Fecha l\u00edmite inscripci\u00f3n:<\/b> 15 Diciembre 2023<\/p><\/div><\/div>\t\t\t\t<\/div>\n\t\t\t\t<\/div>\n\t\t\t\t\t<\/div>\n\t\t<\/div>\n\t\t\t\t\t<\/div>\n\t\t<\/section>\n\t\t\t\t\t<\/div>\n\t\t<\/div>\n\t\t\t\t\t<\/div>\n\t\t<\/section>\n\t\t\t\t<\/div>","protected":false},"excerpt":{"rendered":"<p>Convocatorias Ent\u00e9rate de las convocatorias actuales. Nuestra Am\u00e9rica 2022 Concurso nacional de composici\u00f3n para cuarteto de cuerdas. Fecha l\u00edmite: 14 de Julio del 2023 Curso Intensivo para Cuartetos de Cuerdas [&hellip;]<\/p>\n","protected":false},"author":1,"featured_media":0,"parent":0,"menu_order":0,"comment_status":"closed","ping_status":"closed","template":"elementor_header_footer","meta":{"site-sidebar-layout":"no-sidebar","site-content-layout":"page-builder","ast-site-content-layout":"default","site-content-style":"default","site-sidebar-style":"default","ast-global-header-display":"","ast-banner-title-visibility":"","ast-main-header-display":"","ast-hfb-above-header-display":"","ast-hfb-below-header-display":"","ast-hfb-mobile-header-display":"","site-post-title":"disabled","ast-breadcrumbs-content":"","ast-featured-img":"disabled","footer-sml-layout":"","theme-transparent-header-meta":"default","adv-header-id-meta":"","stick-header-meta":"","header-above-stick-meta":"","header-main-stick-meta":"","header-below-stick-meta":"","astra-migrate-meta-layouts":"default","ast-page-background-enabled":"default","ast-page-background-meta":{"desktop":{"background-color":"","background-image":"","background-repeat":"repeat","background-position":"center center","background-size":"auto","background-attachment":"scroll","background-type":"","background-media":"","overlay-type":"","overlay-color":"","overlay-opacity":"","overlay-gradient":""},"tablet":{"background-color":"","background-image":"","background-repeat":"repeat","background-position":"center center","background-size":"auto","background-attachment":"scroll","background-type":"","background-media":"","overlay-type":"","overlay-color":"","overlay-opacity":"","overlay-gradient":""},"mobile":{"background-color":"","background-image":"","background-repeat":"repeat","background-position":"center center","background-size":"auto","background-attachment":"scroll","background-type":"","background-media":"","overlay-type":"","overlay-color":"","overlay-opacity":"","overlay-gradient":""}},"ast-content-background-meta":{"desktop":{"background-color":"var(--ast-global-color-5)","background-image":"","background-repeat":"repeat","background-position":"center center","background-size":"auto","background-attachment":"scroll","background-type":"","background-media":"","overlay-type":"","overlay-color":"","overlay-opacity":"","overlay-gradient":""},"tablet":{"background-color":"var(--ast-global-color-5)","background-image":"","background-repeat":"repeat","background-position":"center center","background-size":"auto","background-attachment":"scroll","background-type":"","background-media":"","overlay-type":"","overlay-color":"","overlay-opacity":"","overlay-gradient":""},"mobile":{"background-color":"var(--ast-global-color-5)","background-image":"","background-repeat":"repeat","background-position":"center center","background-size":"auto","background-attachment":"scroll","background-type":"","background-media":"","overlay-type":"","overlay-color":"","overlay-opacity":"","overlay-gradient":""}},"footnotes":""},"class_list":["post-261","page","type-page","status-publish","hentry"],"_links":{"self":[{"href":"https:\/\/www.cuartetojosewhite.com\/en\/wp-json\/wp\/v2\/pages\/261","targetHints":{"allow":["GET"]}}],"collection":[{"href":"https:\/\/www.cuartetojosewhite.com\/en\/wp-json\/wp\/v2\/pages"}],"about":[{"href":"https:\/\/www.cuartetojosewhite.com\/en\/wp-json\/wp\/v2\/types\/page"}],"author":[{"embeddable":true,"href":"https:\/\/www.cuartetojosewhite.com\/en\/wp-json\/wp\/v2\/users\/1"}],"replies":[{"embeddable":true,"href":"https:\/\/www.cuartetojosewhite.com\/en\/wp-json\/wp\/v2\/comments?post=261"}],"version-history":[{"count":100,"href":"https:\/\/www.cuartetojosewhite.com\/en\/wp-json\/wp\/v2\/pages\/261\/revisions"}],"predecessor-version":[{"id":968,"href":"https:\/\/www.cuartetojosewhite.com\/en\/wp-json\/wp\/v2\/pages\/261\/revisions\/968"}],"wp:attachment":[{"href":"https:\/\/www.cuartetojosewhite.com\/en\/wp-json\/wp\/v2\/media?parent=261"}],"curies":[{"name":"wp","href":"https:\/\/api.w.org\/{rel}","templated":true}]}}