{"id":152,"date":"2020-09-15T15:39:38","date_gmt":"2020-09-15T15:39:38","guid":{"rendered":"https:\/\/www.cuartetojosewhite.com\/?page_id=152"},"modified":"2021-06-28T16:30:12","modified_gmt":"2021-06-28T16:30:12","slug":"biografia","status":"publish","type":"page","link":"https:\/\/www.cuartetojosewhite.com\/en\/biografia\/","title":{"rendered":"BIO"},"content":{"rendered":"<div data-elementor-type=\"wp-page\" data-elementor-id=\"152\" class=\"elementor elementor-152\">\n\t\t\t\t\t\t<section class=\"has_eae_slider elementor-section elementor-top-section elementor-element elementor-element-5f7c130 elementor-section-boxed elementor-section-height-default elementor-section-height-default\" data-eae-slider=\"81786\" data-particle_enable=\"false\" data-particle-mobile-disabled=\"false\" data-id=\"5f7c130\" data-element_type=\"section\" data-e-type=\"section\" data-settings=\"{&quot;background_background&quot;:&quot;classic&quot;}\">\n\t\t\t\t\t\t\t<div class=\"elementor-background-overlay\"><\/div>\n\t\t\t\t\t\t\t<div class=\"elementor-container elementor-column-gap-default\">\n\t\t\t\t\t<div class=\"has_eae_slider elementor-column elementor-col-33 elementor-top-column elementor-element elementor-element-37162fa\" data-eae-slider=\"47542\" data-id=\"37162fa\" data-element_type=\"column\" data-e-type=\"column\">\n\t\t\t<div class=\"elementor-widget-wrap\">\n\t\t\t\t\t\t\t<\/div>\n\t\t<\/div>\n\t\t\t\t<div class=\"has_eae_slider elementor-column elementor-col-33 elementor-top-column elementor-element elementor-element-c43c4f5 elementor-invisible\" data-eae-slider=\"77454\" data-id=\"c43c4f5\" data-element_type=\"column\" data-e-type=\"column\" data-settings=\"{&quot;animation&quot;:&quot;fadeInLeft&quot;}\">\n\t\t\t<div class=\"elementor-widget-wrap elementor-element-populated\">\n\t\t\t\t\t\t<div class=\"elementor-element elementor-element-43c7ab6 elementor-widget elementor-widget-heading\" data-id=\"43c7ab6\" data-element_type=\"widget\" data-e-type=\"widget\" data-widget_type=\"heading.default\">\n\t\t\t\t<div class=\"elementor-widget-container\">\n\t\t\t\t\t<h6 class=\"elementor-heading-title elementor-size-default\">STRING QUARTET <strong>JOSE WHITE<\/strong><\/h6>\t\t\t\t<\/div>\n\t\t\t\t<\/div>\n\t\t\t\t<div class=\"elementor-element elementor-element-acb2525 elementor-widget elementor-widget-heading\" data-id=\"acb2525\" data-element_type=\"widget\" data-e-type=\"widget\" data-widget_type=\"heading.default\">\n\t\t\t\t<div class=\"elementor-widget-container\">\n\t\t\t\t\t<h2 class=\"elementor-heading-title elementor-size-default\">BIO<\/h2>\t\t\t\t<\/div>\n\t\t\t\t<\/div>\n\t\t\t\t<div class=\"elementor-element elementor-element-0734805 elementor-widget elementor-widget-text-editor\" data-id=\"0734805\" data-element_type=\"widget\" data-e-type=\"widget\" data-widget_type=\"text-editor.default\">\n\t\t\t\t<div class=\"elementor-widget-container\">\n\t\t\t\t\t\t\t\t\t<p class=\"translation-block\">With more than twenty years of experience, the\u00a0CCJW\u00a0is today a benchmark for chamber music in Mexico and Latin America.\u00a0Formed in the tradition of the classical string quartet, the CCJW has builded an outstanding contemporary and avant-garde (mainly Latin American) repertoire.<\/p><p>In 2000 the CCJW received the First Prize of the \u201cConcurso de M\u00fasica de C\u00e1mara\u201d of the city of Salamanca, Guanajuato, Mexico and since then, they have performed in the most important forums in Mexico.<\/p><p class=\"translation-block\">The\u00a0CCJW\u00a0repertoire\u00a0also includes works for string quartet and orchestra wich they have performed with the \u201cOrquesta Filarm\u00f3nica de la Ciudad de M\u00e9xico\u201d, \u201cOrquesta Filarm\u00f3nica de Zacatecas\u201d, \u201cOrquesta Sinf\u00f3nica de Aguascalientes\u201d, \u201cOrquesta Sinf\u00f3nica de Miner\u00eda\u201d, and the \u201cOrquesta Sinf\u00f3nica de Heredia\u201dof Costa Rica. National and international tours have allowed the CCJW to travel almost the entire territory of the Mexican Republic, the United States, Canada, Latin America and Europe.<\/p><p>They have played with eminent musicians such as Jerry Horner and Christine Vlak (viola), Vincent Lhermet (accordion), Luis Humberto Ramos, Thomas Jones and Tara Bouman (clarinet), Roberto Lim\u00f3n and Rodrigo Neftal\u00ed (guitar), Wendy Holdaway (bassoon), Horacio Franco, Luis Julio Toro, Megan Maiorana and Alejandro Escuer (flute),<\/p>\t\t\t\t\t\t\t\t<\/div>\n\t\t\t\t<\/div>\n\t\t\t\t\t<\/div>\n\t\t<\/div>\n\t\t\t\t<div class=\"has_eae_slider elementor-column elementor-col-33 elementor-top-column elementor-element elementor-element-966f6af elementor-invisible\" data-eae-slider=\"80697\" data-id=\"966f6af\" data-element_type=\"column\" data-e-type=\"column\" data-settings=\"{&quot;animation&quot;:&quot;fadeInRight&quot;,&quot;animation_delay&quot;:1000}\">\n\t\t\t<div class=\"elementor-widget-wrap elementor-element-populated\">\n\t\t\t\t\t\t<div class=\"elementor-element elementor-element-7ce0628 elementor-widget elementor-widget-text-editor\" data-id=\"7ce0628\" data-element_type=\"widget\" data-e-type=\"widget\" data-widget_type=\"text-editor.default\">\n\t\t\t\t<div class=\"elementor-widget-container\">\n\t\t\t\t\t\t\t\t\t<p>Michiko Otaki, Marta Garc\u00eda Renart, Leonardo Gell, Ana Mar\u00eda Tradatti, May Phang and Jorge Federico Osario (piano), Jes\u00fas Castro Balbi, Bozena Slawinska, Juan Hermida, Katie Schlaikjer (cello), Eva Gruesser (viol\u00edn), \u201cCuarteto Latinoamericano\u201d and the \u201cPenderecki String Quartet\u201d.<\/p><p class=\"translation-block\">As inheritors of the teaching of their mentor Jerry Horner, the\u00a0CCJW\u00a0stands out for its considerable work in the pedagogical field, influencing young people and artists through their didactic concerts, conferences, composition and chamber music and workshops, as well as an annual intensive course for string quartets (\u201cCurso Intensivo para Cuartetos de Cuerda\u201d).<\/p><p>Thanks to the support of the \u201cSistema de Apoyos a la Creaci\u00f3n y Proyectos Culturales de la Secretar\u00eda de Cultura de M\u00e9xico\u201d, in its program \u201cM\u00e9xico en Escena\u201d, the CCJW summons a composition contest for string quartet writing every year since 2010.\u00a0Multiple interpretations and recordings of the winning works are testimony of this contest.<\/p><p>The CCJW is conformed by Silvia Santa Mar\u00eda and Cecilia Garc\u00eda (violins), Sergio Carrillo (viola) and Orlando Espinosa (cello).<\/p>\t\t\t\t\t\t\t\t<\/div>\n\t\t\t\t<\/div>\n\t\t\t\t\t<\/div>\n\t\t<\/div>\n\t\t\t\t\t<\/div>\n\t\t<\/section>\n\t\t\t\t<\/div>","protected":false},"excerpt":{"rendered":"<p>CUARTETO DE CUERDAS JOSE WHITE Biograf\u00eda Con m\u00e1s de veinte a\u00f1os de trayectoria, el CCJW es hoy un referente de la m\u00fasica de c\u00e1mara en M\u00e9xico y en Latinoam\u00e9rica. Formado [&hellip;]<\/p>\n","protected":false},"author":1,"featured_media":0,"parent":0,"menu_order":0,"comment_status":"closed","ping_status":"closed","template":"elementor_header_footer","meta":{"site-sidebar-layout":"no-sidebar","site-content-layout":"page-builder","ast-site-content-layout":"default","site-content-style":"default","site-sidebar-style":"default","ast-global-header-display":"","ast-banner-title-visibility":"","ast-main-header-display":"","ast-hfb-above-header-display":"","ast-hfb-below-header-display":"","ast-hfb-mobile-header-display":"","site-post-title":"disabled","ast-breadcrumbs-content":"","ast-featured-img":"disabled","footer-sml-layout":"","theme-transparent-header-meta":"default","adv-header-id-meta":"","stick-header-meta":"","header-above-stick-meta":"","header-main-stick-meta":"","header-below-stick-meta":"","astra-migrate-meta-layouts":"default","ast-page-background-enabled":"default","ast-page-background-meta":{"desktop":{"background-color":"","background-image":"","background-repeat":"repeat","background-position":"center center","background-size":"auto","background-attachment":"scroll","background-type":"","background-media":"","overlay-type":"","overlay-color":"","overlay-opacity":"","overlay-gradient":""},"tablet":{"background-color":"","background-image":"","background-repeat":"repeat","background-position":"center center","background-size":"auto","background-attachment":"scroll","background-type":"","background-media":"","overlay-type":"","overlay-color":"","overlay-opacity":"","overlay-gradient":""},"mobile":{"background-color":"","background-image":"","background-repeat":"repeat","background-position":"center center","background-size":"auto","background-attachment":"scroll","background-type":"","background-media":"","overlay-type":"","overlay-color":"","overlay-opacity":"","overlay-gradient":""}},"ast-content-background-meta":{"desktop":{"background-color":"var(--ast-global-color-5)","background-image":"","background-repeat":"repeat","background-position":"center center","background-size":"auto","background-attachment":"scroll","background-type":"","background-media":"","overlay-type":"","overlay-color":"","overlay-opacity":"","overlay-gradient":""},"tablet":{"background-color":"var(--ast-global-color-5)","background-image":"","background-repeat":"repeat","background-position":"center center","background-size":"auto","background-attachment":"scroll","background-type":"","background-media":"","overlay-type":"","overlay-color":"","overlay-opacity":"","overlay-gradient":""},"mobile":{"background-color":"var(--ast-global-color-5)","background-image":"","background-repeat":"repeat","background-position":"center center","background-size":"auto","background-attachment":"scroll","background-type":"","background-media":"","overlay-type":"","overlay-color":"","overlay-opacity":"","overlay-gradient":""}},"footnotes":""},"class_list":["post-152","page","type-page","status-publish","hentry"],"_links":{"self":[{"href":"https:\/\/www.cuartetojosewhite.com\/en\/wp-json\/wp\/v2\/pages\/152","targetHints":{"allow":["GET"]}}],"collection":[{"href":"https:\/\/www.cuartetojosewhite.com\/en\/wp-json\/wp\/v2\/pages"}],"about":[{"href":"https:\/\/www.cuartetojosewhite.com\/en\/wp-json\/wp\/v2\/types\/page"}],"author":[{"embeddable":true,"href":"https:\/\/www.cuartetojosewhite.com\/en\/wp-json\/wp\/v2\/users\/1"}],"replies":[{"embeddable":true,"href":"https:\/\/www.cuartetojosewhite.com\/en\/wp-json\/wp\/v2\/comments?post=152"}],"version-history":[{"count":20,"href":"https:\/\/www.cuartetojosewhite.com\/en\/wp-json\/wp\/v2\/pages\/152\/revisions"}],"predecessor-version":[{"id":501,"href":"https:\/\/www.cuartetojosewhite.com\/en\/wp-json\/wp\/v2\/pages\/152\/revisions\/501"}],"wp:attachment":[{"href":"https:\/\/www.cuartetojosewhite.com\/en\/wp-json\/wp\/v2\/media?parent=152"}],"curies":[{"name":"wp","href":"https:\/\/api.w.org\/{rel}","templated":true}]}}